{"id":19,"date":"2019-07-24T14:27:38","date_gmt":"2019-07-24T14:27:38","guid":{"rendered":"https:\/\/conchitaclamont.com\/?page_id=19"},"modified":"2025-12-04T17:20:44","modified_gmt":"2025-12-04T17:20:44","slug":"contact","status":"publish","type":"page","link":"https:\/\/conchitaclamont.com\/?page_id=19","title":{"rendered":"Contact"},"content":{"rendered":"<div>\n<h2 data-start=\"230\" data-end=\"261\">Conchita Clamont Rooftop<\/h2>\n<\/div>\n<div>\n<p>Conchita Clamont Rooftop es un rooftop urbano en el coraz\u00f3n de la Roma donde los sabores del mar mexicano, los buenos drinks y una vista incre\u00edble se encuentran en un ambiente relajado y social.<\/p>\n<\/div>\n<div>\n<p>        <img decoding=\"async\" src=\"\/wp-content\/uploads\/2025\/12\/MAISONROMA_69688-4-scaled.jpg\" alt=\"\"><\/p>\n<\/div>\n<div>\n<p>        <img decoding=\"async\" src=\"\/wp-content\/uploads\/2025\/12\/MG_3932.jpg\" alt=\"\"><\/p>\n<\/div>\n<div>\n<p>        <img decoding=\"async\" src=\"\/wp-content\/uploads\/2025\/12\/MG_3936-scaled.jpg\" alt=\"\"><\/p>\n<\/div>\n<div>\n<p>Entre ceviches frescos, comfort del mar y tardes que se alargan sin prisa, Conchita es un lugar para llegar a comer bien, quedarse a disfrutar y ver la ciudad desde arriba.<\/p>\n<\/div>\n<h2>NUESTRO MEN\u00da<\/h2>\n<div>\n<p>La propuesta de Conchita Clamont Rooftop est\u00e1 a cargo del chef <strong data-start=\"520\" data-end=\"542\">Jonat\u00e1n G\u00f3mez Luna<\/strong>, cuya cocina se caracteriza por el respeto al producto, la reinterpretaci\u00f3n de sabores mexicanos y un enfoque de comfort elevado. Su visi\u00f3n da vida a una cevicher\u00eda contempor\u00e1nea, fresca y casual, donde la calidad se siente sin volverse pretenciosa.<\/p>\n<\/div>\n<p><img decoding=\"async\" src=\"\/wp-content\/uploads\/2025\/12\/Captura-de-pantalla-2025-12-04-110950.png\" alt=\"\"><\/p>\n<p><!--more--><br \/>\n<!-- {\"type\":\"layout\",\"children\":[{\"name\":\"Hero\",\"type\":\"section\",\"props\":{\"animation\":\"fade\",\"image_loading\":true,\"image_position\":\"bottom-left\",\"image_size\":\"height-1-1\",\"media_background\":\"rgba(0, 0, 0, 0)\",\"media_focal_point\":\"bottom-left\",\"media_overlay\":\"rgba(0, 0, 0, 0)\",\"media_visibility\":\"m\",\"padding\":\"small\",\"padding_remove_top\":false,\"style\":\"primary\",\"title_breakpoint\":\"xl\",\"title_position\":\"top-left\",\"title_rotation\":\"left\",\"vertical_align\":\"\",\"width\":\"xsmall\"},\"children\":[{\"type\":\"row\",\"props\":{\"margin\":\"xlarge\"},\"children\":[{\"type\":\"column\",\"props\":{\"image_position\":\"center-center\",\"position_sticky_breakpoint\":\"m\",\"width_medium\":\"1-1\"},\"children\":[{\"type\":\"headline\",\"props\":{\"block_align\":\"center\",\"content\":\"\n\n<h2 data-start=\\\"230\\\" data-end=\\\"261\\\">Conchita Clamont Rooftop<\\\/h2>\",\"margin\":\"large\",\"margin_remove_bottom\":true,\"maxwidth\":\"2xlarge\",\"text_align\":\"center\",\"title_element\":\"div\",\"title_style\":\"h2\"}},{\"type\":\"divider\",\"props\":{\"divider_align\":\"center\",\"divider_element\":\"div\",\"divider_style\":\"small\",\"margin\":\"medium\"}}]}]}]},{\"name\":\"History\",\"type\":\"section\",\"props\":{\"animation\":\"fade\",\"image_position\":\"top-right\",\"padding\":\"small\",\"padding_remove_top\":true,\"style\":\"primary\",\"title_breakpoint\":\"xl\",\"title_position\":\"top-left\",\"title_rotation\":\"left\",\"vertical_align\":\"\",\"width\":\"default\"},\"children\":[{\"type\":\"row\",\"props\":{\"divider\":false,\"layout\":\"1-2,1-2\"},\"children\":[{\"type\":\"column\",\"props\":{\"image_position\":\"center-center\",\"position_sticky_breakpoint\":\"m\",\"width_small\":\"1-2\"},\"children\":[{\"type\":\"text\",\"props\":{\"column_breakpoint\":\"m\",\"content\":\"\n\n<p>Conchita Clamont Rooftop es un rooftop urbano en el coraz\\u00f3n de la Roma donde los sabores del mar mexicano, los buenos drinks y una vista incre\\u00edble se encuentran en un ambiente relajado y social.<\\\/p>\",\"dropcap\":true,\"margin\":\"medium\",\"text_color\":\"emphasis\"}},{\"type\":\"panel\",\"props\":{\"content\":\"\",\"content_column_breakpoint\":\"m\",\"icon_width\":80,\"image\":\"wp-content\\\/uploads\\\/2025\\\/12\\\/MAISONROMA_69688-4-scaled.jpg\",\"image_align\":\"top\",\"image_grid_breakpoint\":\"m\",\"image_grid_width\":\"1-2\",\"image_height\":\"380\",\"image_loading\":true,\"image_svg_color\":\"emphasis\",\"image_width\":\"610\",\"link_style\":\"default\",\"link_text\":\"Read more\",\"margin\":\"large\",\"margin_remove_bottom\":true,\"meta\":\"\",\"meta_align\":\"below-title\",\"meta_element\":\"div\",\"meta_style\":\"text-meta\",\"title\":\"\",\"title_align\":\"top\",\"title_element\":\"h3\",\"title_grid_breakpoint\":\"m\",\"title_grid_width\":\"1-2\",\"title_hover_style\":\"reset\"}},{\"type\":\"panel\",\"props\":{\"content\":\"\",\"content_column_breakpoint\":\"m\",\"icon_width\":80,\"image\":\"wp-content\\\/uploads\\\/2025\\\/12\\\/MG_3932.jpg\",\"image_align\":\"top\",\"image_grid_breakpoint\":\"m\",\"image_grid_width\":\"1-2\",\"image_height\":\"380\",\"image_svg_color\":\"emphasis\",\"image_width\":\"610\",\"link_style\":\"default\",\"link_text\":\"Read more\",\"margin\":\"medium\",\"meta\":\"\",\"meta_align\":\"below-title\",\"meta_element\":\"div\",\"meta_style\":\"text-meta\",\"title\":\"\",\"title_align\":\"top\",\"title_element\":\"h3\",\"title_grid_breakpoint\":\"m\",\"title_grid_width\":\"1-2\",\"title_hover_style\":\"reset\"}}]},{\"type\":\"column\",\"props\":{\"image_position\":\"center-center\",\"position_sticky_breakpoint\":\"m\",\"width_small\":\"1-2\"},\"children\":[{\"type\":\"panel\",\"props\":{\"content\":\"\",\"content_column_breakpoint\":\"m\",\"icon_width\":80,\"image\":\"wp-content\\\/uploads\\\/2025\\\/12\\\/MG_3936-scaled.jpg\",\"image_align\":\"top\",\"image_grid_breakpoint\":\"m\",\"image_grid_width\":\"1-2\",\"image_height\":\"814\",\"image_loading\":true,\"image_svg_color\":\"emphasis\",\"image_width\":\"610\",\"link_style\":\"default\",\"link_text\":\"Read more\",\"margin\":\"large\",\"meta\":\"\",\"meta_align\":\"below-title\",\"meta_element\":\"div\",\"meta_style\":\"text-meta\",\"title\":\"\",\"title_align\":\"top\",\"title_element\":\"h3\",\"title_grid_breakpoint\":\"m\",\"title_grid_width\":\"1-2\",\"title_hover_style\":\"reset\"}},{\"type\":\"text\",\"props\":{\"column_breakpoint\":\"m\",\"content\":\"\n\n<p>Entre ceviches frescos, comfort del mar y tardes que se alargan sin prisa, Conchita es un lugar para llegar a comer bien, quedarse a disfrutar y ver la ciudad desde arriba.<\\\/p>\",\"margin\":\"small\",\"margin_remove_top\":true}}]}]}]},{\"name\":\"Owner\",\"type\":\"section\",\"props\":{\"animation\":\"fade\",\"image_position\":\"top-right\",\"media_visibility\":\"s\",\"padding\":\"small\",\"padding_remove_bottom\":false,\"padding_remove_top\":false,\"style\":\"primary\",\"title_breakpoint\":\"xl\",\"title_position\":\"top-left\",\"title_rotation\":\"left\",\"vertical_align\":\"\",\"width\":\"default\"},\"children\":[{\"type\":\"row\",\"children\":[{\"type\":\"column\",\"props\":{\"image_position\":\"center-center\",\"position_sticky_breakpoint\":\"m\",\"width_medium\":\"1-2\"},\"children\":[{\"type\":\"headline\",\"props\":{\"content\":\"NUESTRO MEN\\u00da\",\"margin_remove_bottom\":true,\"margin_remove_top\":false,\"text_align\":\"center\",\"title_element\":\"h2\"}},{\"type\":\"text\",\"props\":{\"block_align\":\"center\",\"column_breakpoint\":\"m\",\"content\":\"\n\n<p>La propuesta de Conchita Clamont Rooftop est\\u00e1 a cargo del chef <strong data-start=\\\"520\\\" data-end=\\\"542\\\">Jonat\\u00e1n G\\u00f3mez Luna<\\\/strong>, cuya cocina se caracteriza por el respeto al producto, la reinterpretaci\\u00f3n de sabores mexicanos y un enfoque de comfort elevado. Su visi\\u00f3n da vida a una cevicher\\u00eda contempor\\u00e1nea, fresca y casual, donde la calidad se siente sin volverse pretenciosa.<\\\/p>\",\"margin\":\"medium\",\"margin_remove_top\":false,\"maxwidth\":\"xlarge\",\"text_align\":\"center\"}}]},{\"type\":\"column\",\"props\":{\"image_position\":\"center-center\",\"position_sticky_breakpoint\":\"m\",\"width_medium\":\"1-2\"},\"children\":[{\"type\":\"image\",\"props\":{\"image\":\"wp-content\\\/uploads\\\/2025\\\/12\\\/Captura-de-pantalla-2025-12-04-110950.png\",\"image_height\":\"575\",\"image_loading\":true,\"image_svg_color\":\"emphasis\",\"image_width\":\"1200\",\"margin\":\"default\"}}]}],\"props\":{\"layout\":\"1-2,1-2\"}}]}],\"version\":\"4.5.21\"} --><\/p>\n","protected":false},"excerpt":{"rendered":"<p>Conchita Clamont Rooftop Conchita Clamont Rooftop es un rooftop urbano en el coraz\u00f3n de la Roma donde los sabores del mar mexicano, los buenos drinks y una vista incre\u00edble se encuentran en un ambiente relajado y social. Entre ceviches frescos, comfort del mar y tardes que se alargan sin prisa, Conchita es un lugar para [&hellip;]<\/p>\n","protected":false},"author":1,"featured_media":0,"parent":0,"menu_order":2,"comment_status":"closed","ping_status":"closed","template":"","meta":{"_acf_changed":false,"footnotes":""},"class_list":["post-19","page","type-page","status-publish","hentry"],"acf":[],"_links":{"self":[{"href":"https:\/\/conchitaclamont.com\/index.php?rest_route=\/wp\/v2\/pages\/19","targetHints":{"allow":["GET"]}}],"collection":[{"href":"https:\/\/conchitaclamont.com\/index.php?rest_route=\/wp\/v2\/pages"}],"about":[{"href":"https:\/\/conchitaclamont.com\/index.php?rest_route=\/wp\/v2\/types\/page"}],"author":[{"embeddable":true,"href":"https:\/\/conchitaclamont.com\/index.php?rest_route=\/wp\/v2\/users\/1"}],"replies":[{"embeddable":true,"href":"https:\/\/conchitaclamont.com\/index.php?rest_route=%2Fwp%2Fv2%2Fcomments&post=19"}],"version-history":[{"count":49,"href":"https:\/\/conchitaclamont.com\/index.php?rest_route=\/wp\/v2\/pages\/19\/revisions"}],"predecessor-version":[{"id":2520,"href":"https:\/\/conchitaclamont.com\/index.php?rest_route=\/wp\/v2\/pages\/19\/revisions\/2520"}],"wp:attachment":[{"href":"https:\/\/conchitaclamont.com\/index.php?rest_route=%2Fwp%2Fv2%2Fmedia&parent=19"}],"curies":[{"name":"wp","href":"https:\/\/api.w.org\/{rel}","templated":true}]}}